{"id":825,"date":"2021-05-12T11:36:55","date_gmt":"2021-05-12T11:36:55","guid":{"rendered":"https:\/\/digitalfrks.com\/home\/"},"modified":"2024-09-11T05:25:49","modified_gmt":"2024-09-11T05:25:49","slug":"home","status":"publish","type":"page","link":"https:\/\/digitalfrks.com\/lt\/","title":{"rendered":"Pagrindinis"},"content":{"rendered":"\n<div class=\"wp-block-cover alignfull has-parallax\" style=\"min-height:966px;aspect-ratio:unset;\"><span aria-hidden=\"true\" class=\"wp-block-cover__background has-background-dim-90 has-background-dim\" style=\"background-color:#2b2a28\"><\/span><div class=\"wp-block-cover__image-background wp-image-16 has-parallax\" style=\"background-position:50% 50%;background-image:url(http:\/\/digitalfrks.com\/wp-content\/uploads\/2021\/05\/hero-bg.jpg)\"><\/div><div class=\"wp-block-cover__inner-container is-layout-flow wp-block-cover-is-layout-flow\">\n<h1 class=\"wp-block-heading has-text-align-center has-white-color has-text-color\" id=\"digital-agency-for-your-digital-success\">Amazon agent\u016bra ilgalaikei j\u016bs\u0173 verslo s\u0117kmei internete<\/h1>\n\n\n\n<p><\/p>\n\n\n\n<div class=\"wp-block-buttons is-horizontal is-content-justification-center is-layout-flex wp-container-core-buttons-is-layout-03627597 wp-block-buttons-is-layout-flex\">\n<div class=\"wp-block-button is-style-fill\"><a class=\"wp-block-button__link has-text-color has-background has-text-align-center wp-element-button\" href=\"https:\/\/digitalfrks.com\/lt\/paslaugos\/\" style=\"color:#534a45;background-color:#ffcd79\" rel=\"#\">Su\u017einokite daugiau!<\/a><\/div>\n<\/div>\n<\/div><\/div>\n\n\n\n<div class=\"inherit-container-width wp-block-group alignfull is-layout-constrained wp-block-group-is-layout-constrained\"><div class=\"wp-block-group__inner-container\">\n<h2 class=\"wp-block-heading has-text-align-center\" id=\"our-services\">Paslaugos<\/h2>\n\n\n\n<p><\/p>\n\n\n\n<div class=\"wp-block-columns is-layout-flex wp-container-core-columns-is-layout-28f84493 wp-block-columns-is-layout-flex\">\n<div class=\"wp-block-column is-vertically-aligned-top is-layout-flow wp-block-column-is-layout-flow\">\n<h4 class=\"wp-block-heading has-text-align-center\" id=\"amazon-services\">Amazon paskyr\u0173 administravimas&nbsp;<\/h4>\n\n\n\n<p class=\"has-text-align-center\">Orientuojam\u0117s \u012f augim\u0105, nes puikiai i\u0161manome reikalavimus ir \u017einome, kaip s\u0117kmingai vystyti prekyb\u0105 Amazon platformoje.<\/p>\n<\/div>\n\n\n\n<div class=\"wp-block-column is-vertically-aligned-top is-layout-flow wp-block-column-is-layout-flow\">\n<h4 class=\"wp-block-heading has-text-align-center\" id=\"crm-and-email-marketing\">Amazon reklamos administravimas<\/h4>\n\n\n\n<p class=\"has-text-align-center\">Galime i\u0161pl\u0117sti j\u016bs\u0173 produkt\u0173 Amazon reklam\u0105 patikrintomis ir naujausiomis reklamos strategijomis.<\/p>\n<\/div>\n\n\n\n<div class=\"wp-block-column is-vertically-aligned-top is-layout-flow wp-block-column-is-layout-flow\">\n<h4 class=\"wp-block-heading has-text-align-center\" id=\"e-commerce-and-direct-to-consumer-dtc-channel-development\">Amazon turinio k\u016brimas ir optimizavimas<\/h4>\n\n\n\n<p class=\"has-text-align-center\">Esame pasiruo\u0161\u0119 sukurti Amazon turin\u012f, kuris augina j\u016bs\u0173 verslo konversijas!<\/p>\n<\/div>\n<\/div>\n<\/div><\/div>\n\n\n\n<div class=\"wp-block-columns is-layout-flex wp-container-core-columns-is-layout-28f84493 wp-block-columns-is-layout-flex\">\n<div class=\"wp-block-column is-layout-flow wp-block-column-is-layout-flow\">\n<figure class=\"wp-block-image aligncenter size-large is-resized\"><img decoding=\"async\" src=\"https:\/\/digitalfrks.com\/wp-content\/uploads\/2024\/07\/Verified-partner-badge-galutinis-1-Copy.png\" alt=\"\" style=\"width:162px;height:auto\"\/><\/figure>\n<\/div>\n\n\n\n<div class=\"wp-block-column is-layout-flow wp-block-column-is-layout-flow\">\n<figure class=\"wp-block-image aligncenter size-large is-resized\"><img fetchpriority=\"high\" decoding=\"async\" width=\"1024\" height=\"264\" src=\"https:\/\/digitalfrks.com\/wp-content\/uploads\/2023\/11\/Amazon-Ads-logo-dark-1-2-1024x264.png\" alt=\"\" class=\"wp-image-1153\" style=\"width:278px;height:auto\" srcset=\"https:\/\/digitalfrks.com\/wp-content\/uploads\/2023\/11\/Amazon-Ads-logo-dark-1-2-1024x264.png 1024w, https:\/\/digitalfrks.com\/wp-content\/uploads\/2023\/11\/Amazon-Ads-logo-dark-1-2-300x77.png 300w, https:\/\/digitalfrks.com\/wp-content\/uploads\/2023\/11\/Amazon-Ads-logo-dark-1-2-768x198.png 768w, https:\/\/digitalfrks.com\/wp-content\/uploads\/2023\/11\/Amazon-Ads-logo-dark-1-2-1536x396.png 1536w, https:\/\/digitalfrks.com\/wp-content\/uploads\/2023\/11\/Amazon-Ads-logo-dark-1-2-2048x528.png 2048w\" sizes=\"(max-width: 1024px) 100vw, 1024px\" \/><figcaption class=\"wp-element-caption\">Amazon reklamos tinklo partneris<\/figcaption><\/figure>\n<\/div>\n\n\n\n<div class=\"wp-block-column is-layout-flow wp-block-column-is-layout-flow\"><\/div>\n<\/div>\n\n\n\n<div class=\"inherit-container-width wp-block-group alignfull has-background is-layout-constrained wp-block-group-is-layout-constrained\" style=\"background-color:#ffcd79\"><div class=\"wp-block-group__inner-container\">\n<h2 class=\"wp-block-heading has-text-align-center\" id=\"about-us\">Apie mus<\/h2>\n\n\n\n<div class=\"wp-block-media-text alignwide has-media-on-the-right is-stacked-on-mobile is-vertically-aligned-center\" style=\"grid-template-columns:auto 31%\"><div class=\"wp-block-media-text__content\">\n<p>Mes esame <strong>DIGITAL FREAKS <\/strong>\u2013 <strong>PROFESIONALI<\/strong> ir savo darbui <strong>ATSIDAVUSI AMAZON, E-KOMERCIJOS<\/strong> ir <strong>SKAITMENIN\u0116S<\/strong> <strong>RINKODAROS<\/strong> specialist\u0173 komanda.<\/p>\n\n\n\n<p>Tikime, kad m\u016bs\u0173 patirtis ir \u017einios skaitmeninio marketingo bei technologij\u0173 srityse pad\u0117s rasti <strong>INTEGRUOTUS SPRENDIMUS<\/strong>, kurie <strong>PADIDINS PARDAVIMUS<\/strong> ir <strong>PAD\u0116S \u012eGYVENDINTI J\u016aS\u0172 VERSLO TIKSLUS.<\/strong><\/p>\n\n\n\n<p>Esame \u012fsik\u016br\u0119 <strong>LIETUVOJE<\/strong>, bet vystome projektus <strong>VISAME PASAULYJE.<\/strong><\/p>\n<\/div><figure class=\"wp-block-media-text__media\"><img decoding=\"async\" width=\"600\" height=\"720\" src=\"https:\/\/digitalfrks.com\/wp-content\/uploads\/2021\/05\/about.jpg\" alt=\"about\" class=\"wp-image-780 size-full\" srcset=\"https:\/\/digitalfrks.com\/wp-content\/uploads\/2021\/05\/about.jpg 600w, https:\/\/digitalfrks.com\/wp-content\/uploads\/2021\/05\/about-250x300.jpg 250w\" sizes=\"(max-width: 600px) 100vw, 600px\" \/><\/figure><\/div>\n<\/div><\/div>\n\n\n\n<div class=\"inherit-container-width wp-block-group alignfull is-layout-constrained wp-block-group-is-layout-constrained\"><div class=\"wp-block-group__inner-container\">\n<h2 class=\"wp-block-heading has-text-align-center\" id=\"some-of-the-brands-we-worked-with\">Prek\u0117s \u017eenklai, kurie mumis pasitiki:<\/h2>\n\n\n\n<div class=\"wp-block-columns is-layout-flex wp-container-core-columns-is-layout-28f84493 wp-block-columns-is-layout-flex\">\n<div class=\"wp-block-column is-vertically-aligned-center is-layout-flow wp-block-column-is-layout-flow\">\n<figure class=\"wp-block-image aligncenter size-large is-resized\"><img decoding=\"async\" src=\"https:\/\/encrypted-tbn0.gstatic.com\/images?q=tbn:ANd9GcRSWz-P4Ch3gDkHzACHD8cm0Sb2nKYPMpnNlg&amp;s\" alt=\"\" style=\"width:140px;height:auto\"\/><\/figure>\n<\/div>\n\n\n\n<div class=\"wp-block-column is-vertically-aligned-center is-layout-flow wp-block-column-is-layout-flow\">\n<figure class=\"wp-block-image aligncenter size-full is-resized\"><a href=\"https:\/\/www.supergarden.lt\/\" target=\"_blank\" rel=\"noopener\"><img decoding=\"async\" width=\"591\" height=\"591\" src=\"https:\/\/digitalfrks.com\/wp-content\/uploads\/2023\/07\/1678801545_colors-super-garden-logo-cmyk-page-0001.jpg\" alt=\"\" class=\"wp-image-732\" style=\"width:140px;height:auto\" srcset=\"https:\/\/digitalfrks.com\/wp-content\/uploads\/2023\/07\/1678801545_colors-super-garden-logo-cmyk-page-0001.jpg 591w, https:\/\/digitalfrks.com\/wp-content\/uploads\/2023\/07\/1678801545_colors-super-garden-logo-cmyk-page-0001-300x300.jpg 300w, https:\/\/digitalfrks.com\/wp-content\/uploads\/2023\/07\/1678801545_colors-super-garden-logo-cmyk-page-0001-150x150.jpg 150w, https:\/\/digitalfrks.com\/wp-content\/uploads\/2023\/07\/1678801545_colors-super-garden-logo-cmyk-page-0001-12x12.jpg 12w\" sizes=\"(max-width: 591px) 100vw, 591px\" \/><\/a><\/figure>\n<\/div>\n\n\n\n<div class=\"wp-block-column is-vertically-aligned-center is-layout-flow wp-block-column-is-layout-flow\">\n<figure class=\"wp-block-image aligncenter size-large\"><a href=\"https:\/\/www.yamo.bio\/en-de\/\"><img decoding=\"async\" src=\"https:\/\/cdn.shopify.com\/s\/files\/1\/0654\/0053\/7331\/t\/49\/assets\/logo--yamo.svg?v=144085210882738248201677250862\" alt=\"\"\/><\/a><\/figure>\n<\/div>\n\n\n\n<div class=\"wp-block-column is-vertically-aligned-center is-layout-flow wp-block-column-is-layout-flow\">\n<figure class=\"wp-block-image aligncenter size-full has-custom-border is-style-default\"><a href=\"https:\/\/startupersmoothies.com\/\" target=\"_blank\" rel=\"noreferrer noopener\"><img loading=\"lazy\" decoding=\"async\" width=\"472\" height=\"168\" src=\"https:\/\/digitalfrks.com\/wp-content\/uploads\/2023\/06\/Untitled-3.png\" alt=\"\" class=\"wp-image-704\" style=\"border-style:none;border-width:0px\" srcset=\"https:\/\/digitalfrks.com\/wp-content\/uploads\/2023\/06\/Untitled-3.png 472w, https:\/\/digitalfrks.com\/wp-content\/uploads\/2023\/06\/Untitled-3-300x107.png 300w, https:\/\/digitalfrks.com\/wp-content\/uploads\/2023\/06\/Untitled-3-18x6.png 18w\" sizes=\"(max-width: 472px) 100vw, 472px\" \/><\/a><\/figure>\n<\/div>\n\n\n\n<div class=\"wp-block-column is-vertically-aligned-center is-layout-flow wp-block-column-is-layout-flow\">\n<figure class=\"wp-block-image aligncenter size-full\"><img loading=\"lazy\" decoding=\"async\" width=\"288\" height=\"93\" src=\"https:\/\/digitalfrks.com\/wp-content\/uploads\/2023\/10\/logo3-1.png\" alt=\"\" class=\"wp-image-1072\"\/><\/figure>\n<\/div>\n\n\n\n<div class=\"wp-block-column is-vertically-aligned-center is-layout-flow wp-block-column-is-layout-flow\">\n<figure class=\"wp-block-image aligncenter size-full\"><a href=\"https:\/\/www.traceminerals.com\/\" target=\"_blank\" rel=\"noreferrer noopener\"><img loading=\"lazy\" decoding=\"async\" width=\"500\" height=\"500\" src=\"https:\/\/digitalfrks.com\/wp-content\/uploads\/2024\/06\/Trace-Minerals-500-Transparent.webp\" alt=\"\" class=\"wp-image-1398\" srcset=\"https:\/\/digitalfrks.com\/wp-content\/uploads\/2024\/06\/Trace-Minerals-500-Transparent.webp 500w, https:\/\/digitalfrks.com\/wp-content\/uploads\/2024\/06\/Trace-Minerals-500-Transparent-300x300.webp 300w, https:\/\/digitalfrks.com\/wp-content\/uploads\/2024\/06\/Trace-Minerals-500-Transparent-150x150.webp 150w\" sizes=\"(max-width: 500px) 100vw, 500px\" \/><\/a><\/figure>\n<\/div>\n\n\n\n<div class=\"wp-block-column is-vertically-aligned-center is-layout-flow wp-block-column-is-layout-flow\">\n<figure class=\"wp-block-image aligncenter size-large is-resized\"><a href=\"https:\/\/marmaluzi.lt\/gb\/\" target=\"_blank\" rel=\"noreferrer noopener\"><img loading=\"lazy\" decoding=\"async\" width=\"1024\" height=\"353\" src=\"https:\/\/digitalfrks.com\/wp-content\/uploads\/2023\/07\/Logo_Marmaluzi-1024x353.png\" alt=\"\" class=\"wp-image-733\" style=\"width:140px;height:auto\" srcset=\"https:\/\/digitalfrks.com\/wp-content\/uploads\/2023\/07\/Logo_Marmaluzi-1024x353.png 1024w, https:\/\/digitalfrks.com\/wp-content\/uploads\/2023\/07\/Logo_Marmaluzi-300x103.png 300w, https:\/\/digitalfrks.com\/wp-content\/uploads\/2023\/07\/Logo_Marmaluzi-768x265.png 768w, https:\/\/digitalfrks.com\/wp-content\/uploads\/2023\/07\/Logo_Marmaluzi-1536x530.png 1536w, https:\/\/digitalfrks.com\/wp-content\/uploads\/2023\/07\/Logo_Marmaluzi-18x6.png 18w, https:\/\/digitalfrks.com\/wp-content\/uploads\/2023\/07\/Logo_Marmaluzi.png 1954w\" sizes=\"(max-width: 1024px) 100vw, 1024px\" \/><\/a><\/figure>\n<\/div>\n<\/div>\n<\/div><\/div>\n\n\n\n<div class=\"inherit-container-width wp-block-group alignfull is-layout-constrained wp-block-group-is-layout-constrained\"><div class=\"wp-block-group__inner-container\">\n<h2 class=\"wp-block-heading has-text-align-center\" id=\"why-choose-us\">Kod\u0117l DIGITAL FREAKS?<\/h2>\n\n\n\n<p class=\"has-text-align-left\">M\u016bs\u0173 tikslas \u2013 individualus d\u0117mesys kiekvienam klientui, tod\u0117l esame pasiruo\u0161\u0119 gilintis \u012f j\u016bs\u0173 verslo niuansus, suprasti problemas, su kuriomis susiduriate ir tikslus, kuriuos siekiate \u012fgyvendinti. Puikiai pa\u017ein\u0119 klient\u0105, galime pateikti jam asmenin\u0119 strategij\u0105 bei sprendimus, kaip prekiauti Amazon ir d\u017eiaugtis ilgalaike s\u0117kme.<\/p>\n<\/div><\/div>\n\n\n\n<div class=\"inherit-container-width wp-block-group alignfull has-background is-layout-constrained wp-block-group-is-layout-constrained\" style=\"background-color:#2b2a28\"><div class=\"wp-block-group__inner-container\">\n<div class=\"wp-block-columns are-vertically-aligned-center is-layout-flex wp-container-core-columns-is-layout-28f84493 wp-block-columns-is-layout-flex\">\n<div class=\"wp-block-column is-vertically-aligned-center is-layout-flow wp-block-column-is-layout-flow\">\n<h2 class=\"wp-block-heading has-text-align-center has-white-color has-text-color\" id=\"get-in-touch-now-and-check-out-how-we-can-help-to-achieve-your-goals\"><a href=\"https:\/\/digitalfrks.com\/lt\/kontaktai\/\" target=\"_blank\" rel=\"noreferrer noopener\">Susisiekite ir su\u017einokite<\/a>, kaip mes galime pad\u0117ti \u012fgyvendinti j\u016bs\u0173 verslo tikslus!<\/h2>\n<\/div>\n<\/div>\n<\/div><\/div>\n","protected":false},"excerpt":{"rendered":"<p>Paslaugos Amazon paskyr\u0173 administravimas&nbsp; Orientuojam\u0117s \u012f augim\u0105, nes puikiai i\u0161manome reikalavimus ir \u017einome, kaip s\u0117kmingai vystyti prekyb\u0105 Amazon platformoje. Amazon reklamos administravimas Galime i\u0161pl\u0117sti j\u016bs\u0173 produkt\u0173 Amazon reklam\u0105 patikrintomis ir naujausiomis reklamos strategijomis. Amazon turinio k\u016brimas ir optimizavimas Esame pasiruo\u0161\u0119 sukurti Amazon turin\u012f, kuris augina j\u016bs\u0173 verslo konversijas! Apie mus Mes esame DIGITAL FREAKS \u2013 [&hellip;]<\/p>\n","protected":false},"author":1,"featured_media":0,"parent":0,"menu_order":0,"comment_status":"closed","ping_status":"closed","template":"","meta":{"site-sidebar-layout":"no-sidebar","site-content-layout":"plain-container","ast-site-content-layout":"normal-width-container","site-content-style":"unboxed","site-sidebar-style":"unboxed","ast-global-header-display":"","ast-banner-title-visibility":"","ast-main-header-display":"","ast-hfb-above-header-display":"","ast-hfb-below-header-display":"","ast-hfb-mobile-header-display":"","site-post-title":"disabled","ast-breadcrumbs-content":"","ast-featured-img":"disabled","footer-sml-layout":"","ast-disable-related-posts":"","theme-transparent-header-meta":"enabled","adv-header-id-meta":"","stick-header-meta":"","header-above-stick-meta":"","header-main-stick-meta":"","header-below-stick-meta":"","astra-migrate-meta-layouts":"set","ast-page-background-enabled":"default","ast-page-background-meta":{"desktop":{"background-color":"","background-image":"","background-repeat":"repeat","background-position":"center center","background-size":"auto","background-attachment":"scroll","background-type":"","background-media":"","overlay-type":"","overlay-color":"","overlay-opacity":"","overlay-gradient":""},"tablet":{"background-color":"","background-image":"","background-repeat":"repeat","background-position":"center center","background-size":"auto","background-attachment":"scroll","background-type":"","background-media":"","overlay-type":"","overlay-color":"","overlay-opacity":"","overlay-gradient":""},"mobile":{"background-color":"","background-image":"","background-repeat":"repeat","background-position":"center center","background-size":"auto","background-attachment":"scroll","background-type":"","background-media":"","overlay-type":"","overlay-color":"","overlay-opacity":"","overlay-gradient":""}},"ast-content-background-meta":{"desktop":{"background-color":"var(--ast-global-color-5)","background-image":"","background-repeat":"repeat","background-position":"center center","background-size":"auto","background-attachment":"scroll","background-type":"","background-media":"","overlay-type":"","overlay-color":"","overlay-opacity":"","overlay-gradient":""},"tablet":{"background-color":"var(--ast-global-color-5)","background-image":"","background-repeat":"repeat","background-position":"center center","background-size":"auto","background-attachment":"scroll","background-type":"","background-media":"","overlay-type":"","overlay-color":"","overlay-opacity":"","overlay-gradient":""},"mobile":{"background-color":"var(--ast-global-color-5)","background-image":"","background-repeat":"repeat","background-position":"center center","background-size":"auto","background-attachment":"scroll","background-type":"","background-media":"","overlay-type":"","overlay-color":"","overlay-opacity":"","overlay-gradient":""}},"footnotes":""},"class_list":["post-825","page","type-page","status-publish","hentry"],"yoast_head":"<!-- This site is optimized with the Yoast SEO plugin v27.5 - https:\/\/yoast.com\/product\/yoast-seo-wordpress\/ -->\n<title>Pagrindinis - Digital Freaks<\/title>\n<meta name=\"description\" content=\"We believe that our expertise and knowledge in digital marketing and technology could help you to find an INTEGRATED SOLUTION to GROW SALES and MEET YOUR BUSINESS GOALS.\" \/>\n<meta name=\"robots\" content=\"index, follow, max-snippet:-1, max-image-preview:large, max-video-preview:-1\" \/>\n<link rel=\"canonical\" href=\"https:\/\/digitalfrks.com\/lt\/\" \/>\n<meta property=\"og:locale\" content=\"lt_LT\" \/>\n<meta property=\"og:type\" content=\"article\" \/>\n<meta property=\"og:title\" content=\"Pagrindinis - Digital Freaks\" \/>\n<meta property=\"og:description\" content=\"We believe that our expertise and knowledge in digital marketing and technology could help you to find an INTEGRATED SOLUTION to GROW SALES and MEET YOUR BUSINESS GOALS.\" \/>\n<meta property=\"og:url\" content=\"https:\/\/digitalfrks.com\/lt\/\" \/>\n<meta property=\"og:site_name\" content=\"Digital Freaks\" \/>\n<meta property=\"article:modified_time\" content=\"2024-09-11T05:25:49+00:00\" \/>\n<meta property=\"og:image\" content=\"https:\/\/digitalfrks.com\/wp-content\/uploads\/2024\/07\/Verified-partner-badge-galutinis-1-Copy.png\" \/>\n<meta name=\"twitter:card\" content=\"summary_large_image\" \/>\n<meta name=\"twitter:label1\" content=\"Est. reading time\" \/>\n\t<meta name=\"twitter:data1\" content=\"3 minut\u0117s\" \/>\n<script type=\"application\/ld+json\" class=\"yoast-schema-graph\">{\"@context\":\"https:\\\/\\\/schema.org\",\"@graph\":[{\"@type\":\"WebPage\",\"@id\":\"https:\\\/\\\/digitalfrks.com\\\/lt\\\/\",\"url\":\"https:\\\/\\\/digitalfrks.com\\\/lt\\\/\",\"name\":\"Pagrindinis - Digital Freaks\",\"isPartOf\":{\"@id\":\"https:\\\/\\\/digitalfrks.com\\\/lt\\\/#website\"},\"primaryImageOfPage\":{\"@id\":\"https:\\\/\\\/digitalfrks.com\\\/lt\\\/#primaryimage\"},\"image\":{\"@id\":\"https:\\\/\\\/digitalfrks.com\\\/lt\\\/#primaryimage\"},\"thumbnailUrl\":\"https:\\\/\\\/digitalfrks.com\\\/wp-content\\\/uploads\\\/2024\\\/07\\\/Verified-partner-badge-galutinis-1-Copy.png\",\"datePublished\":\"2021-05-12T11:36:55+00:00\",\"dateModified\":\"2024-09-11T05:25:49+00:00\",\"description\":\"We believe that our expertise and knowledge in digital marketing and technology could help you to find an INTEGRATED SOLUTION to GROW SALES and MEET YOUR BUSINESS GOALS.\",\"breadcrumb\":{\"@id\":\"https:\\\/\\\/digitalfrks.com\\\/lt\\\/#breadcrumb\"},\"inLanguage\":\"lt-LT\",\"potentialAction\":[{\"@type\":\"ReadAction\",\"target\":[\"https:\\\/\\\/digitalfrks.com\\\/lt\\\/\"]}]},{\"@type\":\"ImageObject\",\"inLanguage\":\"lt-LT\",\"@id\":\"https:\\\/\\\/digitalfrks.com\\\/lt\\\/#primaryimage\",\"url\":\"https:\\\/\\\/digitalfrks.com\\\/wp-content\\\/uploads\\\/2024\\\/07\\\/Verified-partner-badge-galutinis-1-Copy.png\",\"contentUrl\":\"https:\\\/\\\/digitalfrks.com\\\/wp-content\\\/uploads\\\/2024\\\/07\\\/Verified-partner-badge-galutinis-1-Copy.png\"},{\"@type\":\"BreadcrumbList\",\"@id\":\"https:\\\/\\\/digitalfrks.com\\\/lt\\\/#breadcrumb\",\"itemListElement\":[{\"@type\":\"ListItem\",\"position\":1,\"name\":\"Home\",\"item\":\"https:\\\/\\\/digitalfrks.com\\\/lt\\\/\"},{\"@type\":\"ListItem\",\"position\":2,\"name\":\"Pagrindinis\"}]},{\"@type\":\"WebSite\",\"@id\":\"https:\\\/\\\/digitalfrks.com\\\/lt\\\/#website\",\"url\":\"https:\\\/\\\/digitalfrks.com\\\/lt\\\/\",\"name\":\"Digital Freaks\",\"description\":\"Sell on Amazon. Let customers find and adore your products.\",\"publisher\":{\"@id\":\"https:\\\/\\\/digitalfrks.com\\\/lt\\\/#organization\"},\"potentialAction\":[{\"@type\":\"SearchAction\",\"target\":{\"@type\":\"EntryPoint\",\"urlTemplate\":\"https:\\\/\\\/digitalfrks.com\\\/lt\\\/?s={search_term_string}\"},\"query-input\":{\"@type\":\"PropertyValueSpecification\",\"valueRequired\":true,\"valueName\":\"search_term_string\"}}],\"inLanguage\":\"lt-LT\"},{\"@type\":\"Organization\",\"@id\":\"https:\\\/\\\/digitalfrks.com\\\/lt\\\/#organization\",\"name\":\"Digital Freaks\",\"url\":\"https:\\\/\\\/digitalfrks.com\\\/lt\\\/\",\"logo\":{\"@type\":\"ImageObject\",\"inLanguage\":\"lt-LT\",\"@id\":\"https:\\\/\\\/digitalfrks.com\\\/lt\\\/#\\\/schema\\\/logo\\\/image\\\/\",\"url\":\"https:\\\/\\\/digitalfrks.com\\\/wp-content\\\/uploads\\\/2021\\\/09\\\/cropped-image.png\",\"contentUrl\":\"https:\\\/\\\/digitalfrks.com\\\/wp-content\\\/uploads\\\/2021\\\/09\\\/cropped-image.png\",\"width\":512,\"height\":512,\"caption\":\"Digital Freaks\"},\"image\":{\"@id\":\"https:\\\/\\\/digitalfrks.com\\\/lt\\\/#\\\/schema\\\/logo\\\/image\\\/\"}}]}<\/script>\n<!-- \/ Yoast SEO plugin. -->","yoast_head_json":{"title":"Pagrindinis - Digital Freaks","description":"We believe that our expertise and knowledge in digital marketing and technology could help you to find an INTEGRATED SOLUTION to GROW SALES and MEET YOUR BUSINESS GOALS.","robots":{"index":"index","follow":"follow","max-snippet":"max-snippet:-1","max-image-preview":"max-image-preview:large","max-video-preview":"max-video-preview:-1"},"canonical":"https:\/\/digitalfrks.com\/lt\/","og_locale":"lt_LT","og_type":"article","og_title":"Pagrindinis - Digital Freaks","og_description":"We believe that our expertise and knowledge in digital marketing and technology could help you to find an INTEGRATED SOLUTION to GROW SALES and MEET YOUR BUSINESS GOALS.","og_url":"https:\/\/digitalfrks.com\/lt\/","og_site_name":"Digital Freaks","article_modified_time":"2024-09-11T05:25:49+00:00","og_image":[{"url":"https:\/\/digitalfrks.com\/wp-content\/uploads\/2024\/07\/Verified-partner-badge-galutinis-1-Copy.png","type":"","width":"","height":""}],"twitter_card":"summary_large_image","twitter_misc":{"Est. reading time":"3 minut\u0117s"},"schema":{"@context":"https:\/\/schema.org","@graph":[{"@type":"WebPage","@id":"https:\/\/digitalfrks.com\/lt\/","url":"https:\/\/digitalfrks.com\/lt\/","name":"Pagrindinis - Digital Freaks","isPartOf":{"@id":"https:\/\/digitalfrks.com\/lt\/#website"},"primaryImageOfPage":{"@id":"https:\/\/digitalfrks.com\/lt\/#primaryimage"},"image":{"@id":"https:\/\/digitalfrks.com\/lt\/#primaryimage"},"thumbnailUrl":"https:\/\/digitalfrks.com\/wp-content\/uploads\/2024\/07\/Verified-partner-badge-galutinis-1-Copy.png","datePublished":"2021-05-12T11:36:55+00:00","dateModified":"2024-09-11T05:25:49+00:00","description":"We believe that our expertise and knowledge in digital marketing and technology could help you to find an INTEGRATED SOLUTION to GROW SALES and MEET YOUR BUSINESS GOALS.","breadcrumb":{"@id":"https:\/\/digitalfrks.com\/lt\/#breadcrumb"},"inLanguage":"lt-LT","potentialAction":[{"@type":"ReadAction","target":["https:\/\/digitalfrks.com\/lt\/"]}]},{"@type":"ImageObject","inLanguage":"lt-LT","@id":"https:\/\/digitalfrks.com\/lt\/#primaryimage","url":"https:\/\/digitalfrks.com\/wp-content\/uploads\/2024\/07\/Verified-partner-badge-galutinis-1-Copy.png","contentUrl":"https:\/\/digitalfrks.com\/wp-content\/uploads\/2024\/07\/Verified-partner-badge-galutinis-1-Copy.png"},{"@type":"BreadcrumbList","@id":"https:\/\/digitalfrks.com\/lt\/#breadcrumb","itemListElement":[{"@type":"ListItem","position":1,"name":"Home","item":"https:\/\/digitalfrks.com\/lt\/"},{"@type":"ListItem","position":2,"name":"Pagrindinis"}]},{"@type":"WebSite","@id":"https:\/\/digitalfrks.com\/lt\/#website","url":"https:\/\/digitalfrks.com\/lt\/","name":"Digital Freaks","description":"Sell on Amazon. Let customers find and adore your products.","publisher":{"@id":"https:\/\/digitalfrks.com\/lt\/#organization"},"potentialAction":[{"@type":"SearchAction","target":{"@type":"EntryPoint","urlTemplate":"https:\/\/digitalfrks.com\/lt\/?s={search_term_string}"},"query-input":{"@type":"PropertyValueSpecification","valueRequired":true,"valueName":"search_term_string"}}],"inLanguage":"lt-LT"},{"@type":"Organization","@id":"https:\/\/digitalfrks.com\/lt\/#organization","name":"Digital Freaks","url":"https:\/\/digitalfrks.com\/lt\/","logo":{"@type":"ImageObject","inLanguage":"lt-LT","@id":"https:\/\/digitalfrks.com\/lt\/#\/schema\/logo\/image\/","url":"https:\/\/digitalfrks.com\/wp-content\/uploads\/2021\/09\/cropped-image.png","contentUrl":"https:\/\/digitalfrks.com\/wp-content\/uploads\/2021\/09\/cropped-image.png","width":512,"height":512,"caption":"Digital Freaks"},"image":{"@id":"https:\/\/digitalfrks.com\/lt\/#\/schema\/logo\/image\/"}}]}},"_links":{"self":[{"href":"https:\/\/digitalfrks.com\/lt\/wp-json\/wp\/v2\/pages\/825","targetHints":{"allow":["GET"]}}],"collection":[{"href":"https:\/\/digitalfrks.com\/lt\/wp-json\/wp\/v2\/pages"}],"about":[{"href":"https:\/\/digitalfrks.com\/lt\/wp-json\/wp\/v2\/types\/page"}],"author":[{"embeddable":true,"href":"https:\/\/digitalfrks.com\/lt\/wp-json\/wp\/v2\/users\/1"}],"replies":[{"embeddable":true,"href":"https:\/\/digitalfrks.com\/lt\/wp-json\/wp\/v2\/comments?post=825"}],"version-history":[{"count":14,"href":"https:\/\/digitalfrks.com\/lt\/wp-json\/wp\/v2\/pages\/825\/revisions"}],"predecessor-version":[{"id":1429,"href":"https:\/\/digitalfrks.com\/lt\/wp-json\/wp\/v2\/pages\/825\/revisions\/1429"}],"wp:attachment":[{"href":"https:\/\/digitalfrks.com\/lt\/wp-json\/wp\/v2\/media?parent=825"}],"curies":[{"name":"wp","href":"https:\/\/api.w.org\/{rel}","templated":true}]}}