{"id":830,"date":"2021-05-12T11:37:28","date_gmt":"2021-05-12T11:37:28","guid":{"rendered":"https:\/\/digitalfrks.com\/services\/"},"modified":"2024-09-11T05:26:24","modified_gmt":"2024-09-11T05:26:24","slug":"paslaugos","status":"publish","type":"page","link":"https:\/\/digitalfrks.com\/lt\/paslaugos\/","title":{"rendered":"Paslaugos"},"content":{"rendered":"\n<div class=\"wp-block-cover alignfull has-parallax\" style=\"min-height:546px;aspect-ratio:unset;\"><span aria-hidden=\"true\" class=\"wp-block-cover__background has-background-dim-90 has-background-dim\" style=\"background-color:#2b2a28\"><\/span><div class=\"wp-block-cover__image-background wp-image-16 has-parallax\" style=\"background-position:50% 50%;background-image:url(http:\/\/digitalfrks.com\/wp-content\/uploads\/2021\/05\/hero-bg.jpg)\"><\/div><div class=\"wp-block-cover__inner-container is-layout-flow wp-block-cover-is-layout-flow\">\n<h1 class=\"wp-block-heading has-text-align-center has-white-color has-text-color\" id=\"our-services\">Amazon paslaugos<\/h1>\n<\/div><\/div>\n\n\n\n<div class=\"inherit-container-width wp-block-group alignfull has-background is-layout-constrained wp-block-group-is-layout-constrained\" style=\"background-color:#ffcd79\"><div class=\"wp-block-group__inner-container\">\n<h2 class=\"wp-block-heading has-text-align-center\" id=\"how-can-we-help-you\">Kaip mes galime jums pad\u0117ti?<\/h2>\n\n\n\n<div class=\"wp-block-columns is-layout-flex wp-container-core-columns-is-layout-28f84493 wp-block-columns-is-layout-flex\">\n<div class=\"wp-block-column is-vertically-aligned-top is-layout-flow wp-block-column-is-layout-flow\">\n<h4 class=\"wp-block-heading has-text-align-center\" id=\"selling-on-amazon\">Amazon paskyr\u0173 administravimas ir kitos paslaugos<\/h4>\n\n\n\n<p class=\"has-text-align-left\">Laikas atskleisti pardavim\u0173 potencial\u0105. Auginsime j\u016bs\u0173 versl\u0105 internete ir pad\u0117sime gauti daugiau pardavim\u0173 tiek Amazon platformoje, tiek u\u017e jos rib\u0173, perimdami piln\u0105 j\u016bs\u0173 prek\u0117s \u017eenklo valdym\u0105.<\/p>\n\n\n\n<ul class=\"wp-block-list\">\n<li><span style=\"font-size: 1rem;\">Amazon Seller paskyros atidarymas ir pilnas administravimas<\/span><\/li>\n\n\n\n<li>Konsultavimo paslaugos<\/li>\n\n\n\n<li>Produkt\u0173 paleidimas<\/li>\n\n\n\n<li>Rakta\u017eod\u017ei\u0173 tyrimai ir Amazon SEO<\/li>\n\n\n\n<li>Prek\u0117s \u017eenklo registravimas ir apsauga<\/li>\n\n\n\n<li>Amazon Seller paskyros auditas<\/li>\n\n\n\n<li>Duomen\u0173 analiz\u0117<\/li>\n<\/ul>\n<\/div>\n\n\n\n<div class=\"wp-block-column is-vertically-aligned-top is-layout-flow wp-block-column-is-layout-flow\">\n<h4 class=\"wp-block-heading has-text-align-center\" id=\"crm-and-email-marketing\">Amazon reklamos (Amazon PPC) administravimas<\/h4>\n\n\n\n<p class=\"has-text-align-left\">Daugiau srauto ir ma\u017eiau r\u016bpes\u010di\u0173 administruojant Amazon PPC kampanijas. Pad\u0117sime padidinti j\u016bs\u0173 prek\u0117s \u017eenklo \u017einomum\u0105, suma\u017einti ACoS, i\u0161pl\u0117sti j\u016bs\u0173 versl\u0105 internete ir galimybes paversti pelnu.<\/p>\n\n\n\n<ul class=\"wp-block-list\">\n<li>Amazon reklamos strategija<\/li>\n\n\n\n<li>Produkt\u0173, prek\u0117s \u017eenkl\u0173 ir vaizdo skelbim\u0173 reklamos<\/li>\n\n\n\n<li>Reklamos kampanij\u0173 administravimas ir optimizavimas<\/li>\n\n\n\n<li>Ataskait\u0173 teikimas ir rezultat\u0173 analiz\u0117<\/li>\n\n\n\n<li>Amazon A\/B testavimas<\/li>\n<\/ul>\n<\/div>\n\n\n\n<div class=\"wp-block-column is-vertically-aligned-top is-layout-flow wp-block-column-is-layout-flow\">\n<h4 class=\"wp-block-heading has-text-align-center\" id=\"e-commerce-and-direct-to-consumer-dtc-channel-development\">Amazon turinio k\u016brimas ir optimizavimas<\/h4>\n\n\n\n<p class=\"has-text-align-left\">Turinys, kuris parduoda. Papildysime j\u016bs\u0173 preki\u0173 korteles geriausias praktikas atitinkan\u010diais grafikos elementais, apra\u0161ymais bei rakta\u017eod\u017eiais, kurie padidins konversijas ir pardavimus.<\/p>\n\n\n\n<ul class=\"wp-block-list\">\n<li>Rakta\u017eod\u017ei\u0173 tyrimai<\/li>\n\n\n\n<li>Prek\u0117s korteli\u0173 optimizavimas<\/li>\n\n\n\n<li>Konversijas auginantys produkt\u0173 apra\u0161ymai<\/li>\n\n\n\n<li>Produkt\u0173 paveiksl\u0117liai<\/li>\n\n\n\n<li>Amazon A+ arba Amazon Premium A+ turinys<\/li>\n\n\n\n<li>Amazon parduotuv\u0117s<\/li>\n\n\n\n<li>Amazon \u012fra\u0161ai<\/li>\n\n\n\n<li>Prek\u0117s \u017eenklo istorijos<\/li>\n\n\n\n<li>Vartotoj\u0173 sukurtas turinys (UGC) ir produkt\u0173 vaizdo \u012fra\u0161ai<\/li>\n<\/ul>\n<\/div>\n<\/div>\n\n\n\n<div class=\"wp-block-columns is-layout-flex wp-container-core-columns-is-layout-28f84493 wp-block-columns-is-layout-flex\">\n<div class=\"wp-block-column is-layout-flow wp-block-column-is-layout-flow\">\n<figure class=\"wp-block-image aligncenter size-large is-resized\"><img decoding=\"async\" src=\"https:\/\/digitalfrks.com\/wp-content\/uploads\/2024\/07\/Verified-partner-badge-galutinis-1-Copy.png\" alt=\"\" style=\"width:233px;height:auto\"\/><\/figure>\n<\/div>\n\n\n\n<div class=\"wp-block-column is-layout-flow wp-block-column-is-layout-flow\">\n<figure class=\"wp-block-image aligncenter size-full is-resized\"><a href=\"https:\/\/advertising.amazon.com\/partners\/directory\/details\/amzn1.ads1.ma1.15etd50lzrwkami1uamypcikw\/\" target=\"_blank\" rel=\"noreferrer noopener\"><img fetchpriority=\"high\" decoding=\"async\" width=\"1024\" height=\"736\" src=\"https:\/\/digitalfrks.com\/wp-content\/uploads\/2023\/11\/amazon-ads-verified-partner-2.png\" alt=\"\" class=\"wp-image-1122\" style=\"width:204px;height:auto\" srcset=\"https:\/\/digitalfrks.com\/wp-content\/uploads\/2023\/11\/amazon-ads-verified-partner-2.png 1024w, https:\/\/digitalfrks.com\/wp-content\/uploads\/2023\/11\/amazon-ads-verified-partner-2-300x216.png 300w, https:\/\/digitalfrks.com\/wp-content\/uploads\/2023\/11\/amazon-ads-verified-partner-2-768x552.png 768w\" sizes=\"(max-width: 1024px) 100vw, 1024px\" \/><\/a><figcaption class=\"wp-element-caption\">Amazon reklamos tinklo partneris<\/figcaption><\/figure>\n<\/div>\n\n\n\n<div class=\"wp-block-column is-layout-flow wp-block-column-is-layout-flow\">\n<figure class=\"wp-block-image aligncenter size-full is-resized\"><a href=\"https:\/\/www.behance.net\/digitalfrks\" target=\"_blank\" rel=\"noreferrer noopener\"><img decoding=\"async\" width=\"256\" height=\"256\" src=\"https:\/\/digitalfrks.com\/wp-content\/uploads\/2023\/11\/behance-71-256.png\" alt=\"\" class=\"wp-image-1142\" style=\"width:149px;height:auto\" srcset=\"https:\/\/digitalfrks.com\/wp-content\/uploads\/2023\/11\/behance-71-256.png 256w, https:\/\/digitalfrks.com\/wp-content\/uploads\/2023\/11\/behance-71-256-150x150.png 150w\" sizes=\"(max-width: 256px) 100vw, 256px\" \/><\/a><figcaption class=\"wp-element-caption\">M\u016bs\u0173 k\u016brybiniai darbai<\/figcaption><\/figure>\n<\/div>\n<\/div>\n\n\n\n<h4 class=\"wp-block-heading\" id=\"have-a-project-on-mind-not-sure-which-service-could-fit-you-the-best\">Nesate tikri, kuri paslauga jums tinkamiausia?<\/h4>\n\n\n\n<p>Leiskite geriau jus pa\u017einti. \u012era\u0161ykite savo elektroninio pa\u0161to adres\u0105 ir mes su jumis susisieksime d\u0117l NEMOKAMOS 15 minu\u010di\u0173 trukm\u0117s konsultacijos:<\/p>\n\n\n<div class=\"wpforms-container inline-fields\" id=\"wpforms-874\"><form id=\"wpforms-form-874\" class=\"wpforms-validate wpforms-form\" data-formid=\"874\" method=\"post\" enctype=\"multipart\/form-data\" action=\"\/lt\/wp-json\/wp\/v2\/pages\/830\" data-token=\"b98949eaebfbc82015af9571a09141ae\" data-token-time=\"1777821753\"><noscript class=\"wpforms-error-noscript\">Please enable JavaScript in your browser to complete this form.<\/noscript><div class=\"wpforms-field-container\"><div id=\"wpforms-874-field_1-container\" class=\"wpforms-field wpforms-field-email\" data-field-id=\"1\"><label class=\"wpforms-field-label wpforms-label-hide\" for=\"wpforms-874-field_1\">Email <span class=\"wpforms-required-label\">*<\/span><\/label><input type=\"email\" id=\"wpforms-874-field_1\" class=\"wpforms-field-large wpforms-field-required\" name=\"wpforms[fields][1]\" placeholder=\"Elektroninis pa\u0161tas\" spellcheck=\"false\" required><\/div><\/div><!-- .wpforms-field-container --><div class=\"wpforms-submit-container\" ><input type=\"hidden\" name=\"wpforms[id]\" value=\"874\"><input type=\"hidden\" name=\"page_title\" value=\"\"><input type=\"hidden\" name=\"page_url\" value=\"https:\/\/digitalfrks.com\/lt\/wp-json\/wp\/v2\/pages\/830\"><input type=\"hidden\" name=\"url_referer\" value=\"\"><button type=\"submit\" name=\"wpforms[submit]\" id=\"wpforms-submit-874\" class=\"wpforms-submit\" data-alt-text=\"Siun\u010diama...\" data-submit-text=\"Registruokit\u0117s NEMOKAMAI konsultacijai\" aria-live=\"assertive\" value=\"wpforms-submit\">Registruokit\u0117s NEMOKAMAI konsultacijai<\/button><\/div><\/form><\/div>  <!-- .wpforms-container -->\n\n\n\n<p><\/p>\n<\/div><\/div>\n\n\n\n<div class=\"inherit-container-width wp-block-group alignfull is-layout-constrained wp-block-group-is-layout-constrained\"><div class=\"wp-block-group__inner-container\">\n<h2 class=\"wp-block-heading has-text-align-center\" id=\"some-of-the-brands-we-worked-with\">Prek\u0117s \u017eenklai, kurie mumis pasitiki:<\/h2>\n\n\n\n<div class=\"wp-block-columns is-layout-flex wp-container-core-columns-is-layout-28f84493 wp-block-columns-is-layout-flex\">\n<div class=\"wp-block-column is-vertically-aligned-center is-layout-flow wp-block-column-is-layout-flow\">\n<figure class=\"wp-block-image aligncenter size-large\"><img decoding=\"async\" src=\"https:\/\/encrypted-tbn0.gstatic.com\/images?q=tbn:ANd9GcRSWz-P4Ch3gDkHzACHD8cm0Sb2nKYPMpnNlg&amp;s\" alt=\"\"\/><\/figure>\n<\/div>\n\n\n\n<div class=\"wp-block-column is-vertically-aligned-center is-layout-flow wp-block-column-is-layout-flow\">\n<figure class=\"wp-block-image aligncenter size-full\"><a href=\"https:\/\/www.supergarden.lt\/\" target=\"_blank\" rel=\"noopener\"><img decoding=\"async\" width=\"591\" height=\"591\" src=\"https:\/\/digitalfrks.com\/wp-content\/uploads\/2023\/07\/1678801545_colors-super-garden-logo-cmyk-page-0001-1.jpg\" alt=\"\" class=\"wp-image-736\" srcset=\"https:\/\/digitalfrks.com\/wp-content\/uploads\/2023\/07\/1678801545_colors-super-garden-logo-cmyk-page-0001-1.jpg 591w, https:\/\/digitalfrks.com\/wp-content\/uploads\/2023\/07\/1678801545_colors-super-garden-logo-cmyk-page-0001-1-300x300.jpg 300w, https:\/\/digitalfrks.com\/wp-content\/uploads\/2023\/07\/1678801545_colors-super-garden-logo-cmyk-page-0001-1-150x150.jpg 150w, https:\/\/digitalfrks.com\/wp-content\/uploads\/2023\/07\/1678801545_colors-super-garden-logo-cmyk-page-0001-1-12x12.jpg 12w\" sizes=\"(max-width: 591px) 100vw, 591px\" \/><\/a><\/figure>\n<\/div>\n\n\n\n<div class=\"wp-block-column is-vertically-aligned-center is-layout-flow wp-block-column-is-layout-flow\">\n<figure class=\"wp-block-image aligncenter size-large\"><img decoding=\"async\" src=\"https:\/\/cdn.shopify.com\/s\/files\/1\/0654\/0053\/7331\/t\/49\/assets\/logo--yamo.svg?v=144085210882738248201677250862\" alt=\"\"\/><\/figure>\n<\/div>\n\n\n\n<div class=\"wp-block-column is-vertically-aligned-center is-layout-flow wp-block-column-is-layout-flow\">\n<figure class=\"wp-block-image size-full\"><a href=\"https:\/\/startupersmoothies.com\/\" target=\"_blank\" rel=\"noreferrer noopener\"><img loading=\"lazy\" decoding=\"async\" width=\"472\" height=\"168\" src=\"https:\/\/digitalfrks.com\/wp-content\/uploads\/2023\/06\/Untitled-3-1.png\" alt=\"\" class=\"wp-image-707\" srcset=\"https:\/\/digitalfrks.com\/wp-content\/uploads\/2023\/06\/Untitled-3-1.png 472w, https:\/\/digitalfrks.com\/wp-content\/uploads\/2023\/06\/Untitled-3-1-300x107.png 300w, https:\/\/digitalfrks.com\/wp-content\/uploads\/2023\/06\/Untitled-3-1-18x6.png 18w\" sizes=\"(max-width: 472px) 100vw, 472px\" \/><\/a><\/figure>\n<\/div>\n\n\n\n<div class=\"wp-block-column is-vertically-aligned-center is-layout-flow wp-block-column-is-layout-flow\">\n<figure class=\"wp-block-image aligncenter size-full\"><img loading=\"lazy\" decoding=\"async\" width=\"288\" height=\"93\" src=\"https:\/\/digitalfrks.com\/wp-content\/uploads\/2023\/10\/logo3-1.png\" alt=\"\" class=\"wp-image-1072\"\/><\/figure>\n<\/div>\n\n\n\n<div class=\"wp-block-column is-layout-flow wp-block-column-is-layout-flow\">\n<figure class=\"wp-block-image size-full\"><a href=\"https:\/\/www.traceminerals.com\/\" target=\"_blank\" rel=\"noopener\"><img loading=\"lazy\" decoding=\"async\" width=\"500\" height=\"500\" src=\"https:\/\/digitalfrks.com\/wp-content\/uploads\/2024\/06\/Trace-Minerals-500-Transparent.webp\" alt=\"\" class=\"wp-image-1398\" srcset=\"https:\/\/digitalfrks.com\/wp-content\/uploads\/2024\/06\/Trace-Minerals-500-Transparent.webp 500w, https:\/\/digitalfrks.com\/wp-content\/uploads\/2024\/06\/Trace-Minerals-500-Transparent-300x300.webp 300w, https:\/\/digitalfrks.com\/wp-content\/uploads\/2024\/06\/Trace-Minerals-500-Transparent-150x150.webp 150w\" sizes=\"(max-width: 500px) 100vw, 500px\" \/><\/a><\/figure>\n<\/div>\n\n\n\n<div class=\"wp-block-column is-vertically-aligned-center is-layout-flow wp-block-column-is-layout-flow\">\n<figure class=\"wp-block-image size-large\"><a href=\"https:\/\/marmaluzi.lt\/gb\/\" target=\"_blank\" rel=\"noreferrer noopener\"><img loading=\"lazy\" decoding=\"async\" width=\"1024\" height=\"353\" src=\"https:\/\/digitalfrks.com\/wp-content\/uploads\/2023\/07\/Logo_Marmaluzi-1-1024x353.png\" alt=\"\" class=\"wp-image-737\" srcset=\"https:\/\/digitalfrks.com\/wp-content\/uploads\/2023\/07\/Logo_Marmaluzi-1-1024x353.png 1024w, https:\/\/digitalfrks.com\/wp-content\/uploads\/2023\/07\/Logo_Marmaluzi-1-300x103.png 300w, https:\/\/digitalfrks.com\/wp-content\/uploads\/2023\/07\/Logo_Marmaluzi-1-768x265.png 768w, https:\/\/digitalfrks.com\/wp-content\/uploads\/2023\/07\/Logo_Marmaluzi-1-1536x530.png 1536w, https:\/\/digitalfrks.com\/wp-content\/uploads\/2023\/07\/Logo_Marmaluzi-1-18x6.png 18w, https:\/\/digitalfrks.com\/wp-content\/uploads\/2023\/07\/Logo_Marmaluzi-1.png 1954w\" sizes=\"(max-width: 1024px) 100vw, 1024px\" \/><\/a><\/figure>\n<\/div>\n<\/div>\n<\/div><\/div>\n","protected":false},"excerpt":{"rendered":"<p>Kaip mes galime jums pad\u0117ti? Amazon paskyr\u0173 administravimas ir kitos paslaugos Laikas atskleisti pardavim\u0173 potencial\u0105. Auginsime j\u016bs\u0173 versl\u0105 internete ir pad\u0117sime gauti daugiau pardavim\u0173 tiek Amazon platformoje, tiek u\u017e jos rib\u0173, perimdami piln\u0105 j\u016bs\u0173 prek\u0117s \u017eenklo valdym\u0105. Amazon reklamos (Amazon PPC) administravimas Daugiau srauto ir ma\u017eiau r\u016bpes\u010di\u0173 administruojant Amazon PPC kampanijas. Pad\u0117sime padidinti j\u016bs\u0173 prek\u0117s [&hellip;]<\/p>\n","protected":false},"author":1,"featured_media":0,"parent":0,"menu_order":0,"comment_status":"closed","ping_status":"closed","template":"","meta":{"site-sidebar-layout":"no-sidebar","site-content-layout":"plain-container","ast-site-content-layout":"normal-width-container","site-content-style":"unboxed","site-sidebar-style":"unboxed","ast-global-header-display":"","ast-banner-title-visibility":"","ast-main-header-display":"","ast-hfb-above-header-display":"","ast-hfb-below-header-display":"","ast-hfb-mobile-header-display":"","site-post-title":"disabled","ast-breadcrumbs-content":"","ast-featured-img":"disabled","footer-sml-layout":"","ast-disable-related-posts":"","theme-transparent-header-meta":"enabled","adv-header-id-meta":"","stick-header-meta":"","header-above-stick-meta":"","header-main-stick-meta":"","header-below-stick-meta":"","astra-migrate-meta-layouts":"set","ast-page-background-enabled":"default","ast-page-background-meta":{"desktop":{"background-color":"","background-image":"","background-repeat":"repeat","background-position":"center center","background-size":"auto","background-attachment":"scroll","background-type":"","background-media":"","overlay-type":"","overlay-color":"","overlay-opacity":"","overlay-gradient":""},"tablet":{"background-color":"","background-image":"","background-repeat":"repeat","background-position":"center center","background-size":"auto","background-attachment":"scroll","background-type":"","background-media":"","overlay-type":"","overlay-color":"","overlay-opacity":"","overlay-gradient":""},"mobile":{"background-color":"","background-image":"","background-repeat":"repeat","background-position":"center center","background-size":"auto","background-attachment":"scroll","background-type":"","background-media":"","overlay-type":"","overlay-color":"","overlay-opacity":"","overlay-gradient":""}},"ast-content-background-meta":{"desktop":{"background-color":"var(--ast-global-color-5)","background-image":"","background-repeat":"repeat","background-position":"center center","background-size":"auto","background-attachment":"scroll","background-type":"","background-media":"","overlay-type":"","overlay-color":"","overlay-opacity":"","overlay-gradient":""},"tablet":{"background-color":"var(--ast-global-color-5)","background-image":"","background-repeat":"repeat","background-position":"center center","background-size":"auto","background-attachment":"scroll","background-type":"","background-media":"","overlay-type":"","overlay-color":"","overlay-opacity":"","overlay-gradient":""},"mobile":{"background-color":"var(--ast-global-color-5)","background-image":"","background-repeat":"repeat","background-position":"center center","background-size":"auto","background-attachment":"scroll","background-type":"","background-media":"","overlay-type":"","overlay-color":"","overlay-opacity":"","overlay-gradient":""}},"footnotes":""},"class_list":["post-830","page","type-page","status-publish","hentry"],"yoast_head":"<!-- This site is optimized with the Yoast SEO plugin v27.5 - https:\/\/yoast.com\/product\/yoast-seo-wordpress\/ -->\n<title>Paslaugos - Digital Freaks<\/title>\n<meta name=\"description\" content=\"Selling on Amazon. CRM and Email Marketing. E-Commerce and Direct-to-Consumer (DTC) Channel Development.\" \/>\n<meta name=\"robots\" content=\"index, follow, max-snippet:-1, max-image-preview:large, max-video-preview:-1\" \/>\n<link rel=\"canonical\" href=\"https:\/\/digitalfrks.com\/lt\/paslaugos\/\" \/>\n<meta property=\"og:locale\" content=\"lt_LT\" \/>\n<meta property=\"og:type\" content=\"article\" \/>\n<meta property=\"og:title\" content=\"Paslaugos - Digital Freaks\" \/>\n<meta property=\"og:description\" content=\"Selling on Amazon. CRM and Email Marketing. E-Commerce and Direct-to-Consumer (DTC) Channel Development.\" \/>\n<meta property=\"og:url\" content=\"https:\/\/digitalfrks.com\/lt\/paslaugos\/\" \/>\n<meta property=\"og:site_name\" content=\"Digital Freaks\" \/>\n<meta property=\"article:modified_time\" content=\"2024-09-11T05:26:24+00:00\" \/>\n<meta property=\"og:image\" content=\"https:\/\/digitalfrks.com\/wp-content\/uploads\/2024\/07\/Verified-partner-badge-galutinis-1-Copy.png\" \/>\n<meta name=\"twitter:card\" content=\"summary_large_image\" \/>\n<meta name=\"twitter:label1\" content=\"Est. reading time\" \/>\n\t<meta name=\"twitter:data1\" content=\"3 minut\u0117s\" \/>\n<script type=\"application\/ld+json\" class=\"yoast-schema-graph\">{\"@context\":\"https:\\\/\\\/schema.org\",\"@graph\":[{\"@type\":\"WebPage\",\"@id\":\"https:\\\/\\\/digitalfrks.com\\\/lt\\\/paslaugos\\\/\",\"url\":\"https:\\\/\\\/digitalfrks.com\\\/lt\\\/paslaugos\\\/\",\"name\":\"Paslaugos - Digital Freaks\",\"isPartOf\":{\"@id\":\"https:\\\/\\\/digitalfrks.com\\\/lt\\\/#website\"},\"primaryImageOfPage\":{\"@id\":\"https:\\\/\\\/digitalfrks.com\\\/lt\\\/paslaugos\\\/#primaryimage\"},\"image\":{\"@id\":\"https:\\\/\\\/digitalfrks.com\\\/lt\\\/paslaugos\\\/#primaryimage\"},\"thumbnailUrl\":\"https:\\\/\\\/digitalfrks.com\\\/wp-content\\\/uploads\\\/2024\\\/07\\\/Verified-partner-badge-galutinis-1-Copy.png\",\"datePublished\":\"2021-05-12T11:37:28+00:00\",\"dateModified\":\"2024-09-11T05:26:24+00:00\",\"description\":\"Selling on Amazon. CRM and Email Marketing. E-Commerce and Direct-to-Consumer (DTC) Channel Development.\",\"breadcrumb\":{\"@id\":\"https:\\\/\\\/digitalfrks.com\\\/lt\\\/paslaugos\\\/#breadcrumb\"},\"inLanguage\":\"lt-LT\",\"potentialAction\":[{\"@type\":\"ReadAction\",\"target\":[\"https:\\\/\\\/digitalfrks.com\\\/lt\\\/paslaugos\\\/\"]}]},{\"@type\":\"ImageObject\",\"inLanguage\":\"lt-LT\",\"@id\":\"https:\\\/\\\/digitalfrks.com\\\/lt\\\/paslaugos\\\/#primaryimage\",\"url\":\"https:\\\/\\\/digitalfrks.com\\\/wp-content\\\/uploads\\\/2024\\\/07\\\/Verified-partner-badge-galutinis-1-Copy.png\",\"contentUrl\":\"https:\\\/\\\/digitalfrks.com\\\/wp-content\\\/uploads\\\/2024\\\/07\\\/Verified-partner-badge-galutinis-1-Copy.png\"},{\"@type\":\"BreadcrumbList\",\"@id\":\"https:\\\/\\\/digitalfrks.com\\\/lt\\\/paslaugos\\\/#breadcrumb\",\"itemListElement\":[{\"@type\":\"ListItem\",\"position\":1,\"name\":\"Home\",\"item\":\"https:\\\/\\\/digitalfrks.com\\\/lt\\\/\"},{\"@type\":\"ListItem\",\"position\":2,\"name\":\"Paslaugos\"}]},{\"@type\":\"WebSite\",\"@id\":\"https:\\\/\\\/digitalfrks.com\\\/lt\\\/#website\",\"url\":\"https:\\\/\\\/digitalfrks.com\\\/lt\\\/\",\"name\":\"Digital Freaks\",\"description\":\"Sell on Amazon. Let customers find and adore your products.\",\"publisher\":{\"@id\":\"https:\\\/\\\/digitalfrks.com\\\/lt\\\/#organization\"},\"potentialAction\":[{\"@type\":\"SearchAction\",\"target\":{\"@type\":\"EntryPoint\",\"urlTemplate\":\"https:\\\/\\\/digitalfrks.com\\\/lt\\\/?s={search_term_string}\"},\"query-input\":{\"@type\":\"PropertyValueSpecification\",\"valueRequired\":true,\"valueName\":\"search_term_string\"}}],\"inLanguage\":\"lt-LT\"},{\"@type\":\"Organization\",\"@id\":\"https:\\\/\\\/digitalfrks.com\\\/lt\\\/#organization\",\"name\":\"Digital Freaks\",\"url\":\"https:\\\/\\\/digitalfrks.com\\\/lt\\\/\",\"logo\":{\"@type\":\"ImageObject\",\"inLanguage\":\"lt-LT\",\"@id\":\"https:\\\/\\\/digitalfrks.com\\\/lt\\\/#\\\/schema\\\/logo\\\/image\\\/\",\"url\":\"https:\\\/\\\/digitalfrks.com\\\/wp-content\\\/uploads\\\/2021\\\/09\\\/cropped-image.png\",\"contentUrl\":\"https:\\\/\\\/digitalfrks.com\\\/wp-content\\\/uploads\\\/2021\\\/09\\\/cropped-image.png\",\"width\":512,\"height\":512,\"caption\":\"Digital Freaks\"},\"image\":{\"@id\":\"https:\\\/\\\/digitalfrks.com\\\/lt\\\/#\\\/schema\\\/logo\\\/image\\\/\"}}]}<\/script>\n<!-- \/ Yoast SEO plugin. -->","yoast_head_json":{"title":"Paslaugos - Digital Freaks","description":"Selling on Amazon. CRM and Email Marketing. E-Commerce and Direct-to-Consumer (DTC) Channel Development.","robots":{"index":"index","follow":"follow","max-snippet":"max-snippet:-1","max-image-preview":"max-image-preview:large","max-video-preview":"max-video-preview:-1"},"canonical":"https:\/\/digitalfrks.com\/lt\/paslaugos\/","og_locale":"lt_LT","og_type":"article","og_title":"Paslaugos - Digital Freaks","og_description":"Selling on Amazon. CRM and Email Marketing. E-Commerce and Direct-to-Consumer (DTC) Channel Development.","og_url":"https:\/\/digitalfrks.com\/lt\/paslaugos\/","og_site_name":"Digital Freaks","article_modified_time":"2024-09-11T05:26:24+00:00","og_image":[{"url":"https:\/\/digitalfrks.com\/wp-content\/uploads\/2024\/07\/Verified-partner-badge-galutinis-1-Copy.png","type":"","width":"","height":""}],"twitter_card":"summary_large_image","twitter_misc":{"Est. reading time":"3 minut\u0117s"},"schema":{"@context":"https:\/\/schema.org","@graph":[{"@type":"WebPage","@id":"https:\/\/digitalfrks.com\/lt\/paslaugos\/","url":"https:\/\/digitalfrks.com\/lt\/paslaugos\/","name":"Paslaugos - Digital Freaks","isPartOf":{"@id":"https:\/\/digitalfrks.com\/lt\/#website"},"primaryImageOfPage":{"@id":"https:\/\/digitalfrks.com\/lt\/paslaugos\/#primaryimage"},"image":{"@id":"https:\/\/digitalfrks.com\/lt\/paslaugos\/#primaryimage"},"thumbnailUrl":"https:\/\/digitalfrks.com\/wp-content\/uploads\/2024\/07\/Verified-partner-badge-galutinis-1-Copy.png","datePublished":"2021-05-12T11:37:28+00:00","dateModified":"2024-09-11T05:26:24+00:00","description":"Selling on Amazon. CRM and Email Marketing. E-Commerce and Direct-to-Consumer (DTC) Channel Development.","breadcrumb":{"@id":"https:\/\/digitalfrks.com\/lt\/paslaugos\/#breadcrumb"},"inLanguage":"lt-LT","potentialAction":[{"@type":"ReadAction","target":["https:\/\/digitalfrks.com\/lt\/paslaugos\/"]}]},{"@type":"ImageObject","inLanguage":"lt-LT","@id":"https:\/\/digitalfrks.com\/lt\/paslaugos\/#primaryimage","url":"https:\/\/digitalfrks.com\/wp-content\/uploads\/2024\/07\/Verified-partner-badge-galutinis-1-Copy.png","contentUrl":"https:\/\/digitalfrks.com\/wp-content\/uploads\/2024\/07\/Verified-partner-badge-galutinis-1-Copy.png"},{"@type":"BreadcrumbList","@id":"https:\/\/digitalfrks.com\/lt\/paslaugos\/#breadcrumb","itemListElement":[{"@type":"ListItem","position":1,"name":"Home","item":"https:\/\/digitalfrks.com\/lt\/"},{"@type":"ListItem","position":2,"name":"Paslaugos"}]},{"@type":"WebSite","@id":"https:\/\/digitalfrks.com\/lt\/#website","url":"https:\/\/digitalfrks.com\/lt\/","name":"Digital Freaks","description":"Sell on Amazon. Let customers find and adore your products.","publisher":{"@id":"https:\/\/digitalfrks.com\/lt\/#organization"},"potentialAction":[{"@type":"SearchAction","target":{"@type":"EntryPoint","urlTemplate":"https:\/\/digitalfrks.com\/lt\/?s={search_term_string}"},"query-input":{"@type":"PropertyValueSpecification","valueRequired":true,"valueName":"search_term_string"}}],"inLanguage":"lt-LT"},{"@type":"Organization","@id":"https:\/\/digitalfrks.com\/lt\/#organization","name":"Digital Freaks","url":"https:\/\/digitalfrks.com\/lt\/","logo":{"@type":"ImageObject","inLanguage":"lt-LT","@id":"https:\/\/digitalfrks.com\/lt\/#\/schema\/logo\/image\/","url":"https:\/\/digitalfrks.com\/wp-content\/uploads\/2021\/09\/cropped-image.png","contentUrl":"https:\/\/digitalfrks.com\/wp-content\/uploads\/2021\/09\/cropped-image.png","width":512,"height":512,"caption":"Digital Freaks"},"image":{"@id":"https:\/\/digitalfrks.com\/lt\/#\/schema\/logo\/image\/"}}]}},"_links":{"self":[{"href":"https:\/\/digitalfrks.com\/lt\/wp-json\/wp\/v2\/pages\/830","targetHints":{"allow":["GET"]}}],"collection":[{"href":"https:\/\/digitalfrks.com\/lt\/wp-json\/wp\/v2\/pages"}],"about":[{"href":"https:\/\/digitalfrks.com\/lt\/wp-json\/wp\/v2\/types\/page"}],"author":[{"embeddable":true,"href":"https:\/\/digitalfrks.com\/lt\/wp-json\/wp\/v2\/users\/1"}],"replies":[{"embeddable":true,"href":"https:\/\/digitalfrks.com\/lt\/wp-json\/wp\/v2\/comments?post=830"}],"version-history":[{"count":13,"href":"https:\/\/digitalfrks.com\/lt\/wp-json\/wp\/v2\/pages\/830\/revisions"}],"predecessor-version":[{"id":1430,"href":"https:\/\/digitalfrks.com\/lt\/wp-json\/wp\/v2\/pages\/830\/revisions\/1430"}],"wp:attachment":[{"href":"https:\/\/digitalfrks.com\/lt\/wp-json\/wp\/v2\/media?parent=830"}],"curies":[{"name":"wp","href":"https:\/\/api.w.org\/{rel}","templated":true}]}}