{"id":835,"date":"2021-05-12T11:38:10","date_gmt":"2021-05-12T11:38:10","guid":{"rendered":"https:\/\/digitalfrks.com\/about-us\/"},"modified":"2023-11-23T13:44:54","modified_gmt":"2023-11-23T13:44:54","slug":"apie-mus","status":"publish","type":"page","link":"https:\/\/digitalfrks.com\/lt\/apie-mus\/","title":{"rendered":"Apie mus"},"content":{"rendered":"\n<div class=\"wp-block-cover alignfull has-parallax\" style=\"min-height:549px;aspect-ratio:unset;\"><span aria-hidden=\"true\" class=\"wp-block-cover__background has-background-dim-90 has-background-dim\" style=\"background-color:#2b2a28\"><\/span><div role=\"img\" class=\"wp-block-cover__image-background wp-image-16 has-parallax\" style=\"background-position:50% 50%;background-image:url(http:\/\/digitalfrks.com\/wp-content\/uploads\/2021\/05\/hero-bg.jpg)\"><\/div><div class=\"wp-block-cover__inner-container is-layout-flow wp-block-cover-is-layout-flow\">\n<h1 class=\"wp-block-heading has-text-align-center has-white-color has-text-color\" id=\"about\">Apie mus<\/h1>\n<\/div><\/div>\n\n\n\n<div class=\"inherit-container-width wp-block-group alignfull has-background is-layout-constrained wp-block-group-is-layout-constrained\" style=\"background-color:#ffcd79\"><div class=\"wp-block-group__inner-container\">\n<div class=\"wp-block-media-text alignwide is-stacked-on-mobile is-vertically-aligned-center\" style=\"grid-template-columns:41% auto\"><figure class=\"wp-block-media-text__media\"><img fetchpriority=\"high\" decoding=\"async\" width=\"600\" height=\"720\" src=\"https:\/\/digitalfrks.com\/wp-content\/uploads\/2021\/05\/about.jpg\" alt=\"about\" class=\"wp-image-780 size-full\" srcset=\"https:\/\/digitalfrks.com\/wp-content\/uploads\/2021\/05\/about.jpg 600w, https:\/\/digitalfrks.com\/wp-content\/uploads\/2021\/05\/about-250x300.jpg 250w\" sizes=\"(max-width: 600px) 100vw, 600px\" \/><\/figure><div class=\"wp-block-media-text__content\">\n<h3 class=\"wp-block-heading\" id=\"who-are-we\">Kas mes esame?<\/h3>\n\n\n\n<p>Mes esame <strong>DIGITAL FREAKS<\/strong> \u2013 <strong>PROFESIONALI<\/strong> ir savo darbui <strong>ATSIDAVUSI<\/strong> <strong>AMAZON<\/strong>,<strong> E-KOMERCIJOS<\/strong> ir <strong>SKAITMENIN\u0116S RINKODAROS<\/strong> specialist\u0173 komanda.<\/p>\n\n\n\n<p>Tikime, kad m\u016bs\u0173 patirtis ir \u017einios skaitmeninio marketingo bei technologij\u0173 srityse pad\u0117s rasti <strong>INTEGRUOTUS SPRENDIMUS<\/strong>, kurie <strong>PADIDINS PARDAVIMUS<\/strong> ir <strong>PAD\u0116S \u012eGYVENDINTI J\u016aS\u0172 VERSLO TIKSLUS<\/strong>.<\/p>\n\n\n\n<p>Esame \u012fsik\u016br\u0119 <strong>LIETUVOJE<\/strong>, bet vystome projektus <strong>VISAME PASAULYJE.<\/strong><\/p>\n<\/div><\/div>\n<\/div><\/div>\n","protected":false},"excerpt":{"rendered":"<p>Kas mes esame? Mes esame DIGITAL FREAKS \u2013 PROFESIONALI ir savo darbui ATSIDAVUSI AMAZON, E-KOMERCIJOS ir SKAITMENIN\u0116S RINKODAROS specialist\u0173 komanda. Tikime, kad m\u016bs\u0173 patirtis ir \u017einios skaitmeninio marketingo bei technologij\u0173 srityse pad\u0117s rasti INTEGRUOTUS SPRENDIMUS, kurie PADIDINS PARDAVIMUS ir PAD\u0116S \u012eGYVENDINTI J\u016aS\u0172 VERSLO TIKSLUS. Esame \u012fsik\u016br\u0119 LIETUVOJE, bet vystome projektus VISAME PASAULYJE.<\/p>\n","protected":false},"author":1,"featured_media":0,"parent":0,"menu_order":0,"comment_status":"closed","ping_status":"closed","template":"","meta":{"site-sidebar-layout":"no-sidebar","site-content-layout":"plain-container","ast-site-content-layout":"normal-width-container","site-content-style":"unboxed","site-sidebar-style":"unboxed","ast-global-header-display":"","ast-banner-title-visibility":"","ast-main-header-display":"","ast-hfb-above-header-display":"","ast-hfb-below-header-display":"","ast-hfb-mobile-header-display":"","site-post-title":"disabled","ast-breadcrumbs-content":"","ast-featured-img":"disabled","footer-sml-layout":"","ast-disable-related-posts":"","theme-transparent-header-meta":"enabled","adv-header-id-meta":"","stick-header-meta":"","header-above-stick-meta":"","header-main-stick-meta":"","header-below-stick-meta":"","astra-migrate-meta-layouts":"set","ast-page-background-enabled":"default","ast-page-background-meta":{"desktop":{"background-color":"","background-image":"","background-repeat":"repeat","background-position":"center center","background-size":"auto","background-attachment":"scroll","background-type":"","background-media":"","overlay-type":"","overlay-color":"","overlay-opacity":"","overlay-gradient":""},"tablet":{"background-color":"","background-image":"","background-repeat":"repeat","background-position":"center center","background-size":"auto","background-attachment":"scroll","background-type":"","background-media":"","overlay-type":"","overlay-color":"","overlay-opacity":"","overlay-gradient":""},"mobile":{"background-color":"","background-image":"","background-repeat":"repeat","background-position":"center center","background-size":"auto","background-attachment":"scroll","background-type":"","background-media":"","overlay-type":"","overlay-color":"","overlay-opacity":"","overlay-gradient":""}},"ast-content-background-meta":{"desktop":{"background-color":"var(--ast-global-color-5)","background-image":"","background-repeat":"repeat","background-position":"center center","background-size":"auto","background-attachment":"scroll","background-type":"","background-media":"","overlay-type":"","overlay-color":"","overlay-opacity":"","overlay-gradient":""},"tablet":{"background-color":"var(--ast-global-color-5)","background-image":"","background-repeat":"repeat","background-position":"center center","background-size":"auto","background-attachment":"scroll","background-type":"","background-media":"","overlay-type":"","overlay-color":"","overlay-opacity":"","overlay-gradient":""},"mobile":{"background-color":"var(--ast-global-color-5)","background-image":"","background-repeat":"repeat","background-position":"center center","background-size":"auto","background-attachment":"scroll","background-type":"","background-media":"","overlay-type":"","overlay-color":"","overlay-opacity":"","overlay-gradient":""}},"footnotes":""},"class_list":["post-835","page","type-page","status-publish","hentry"],"yoast_head":"<!-- This site is optimized with the Yoast SEO plugin v27.5 - https:\/\/yoast.com\/product\/yoast-seo-wordpress\/ -->\n<title>Apie mus - Digital Freaks<\/title>\n<meta name=\"description\" content=\"About Who are we? We are DIGITAL FREAKS - team of EXPERTS who are CRAZY and PASSIONATE about DIGITAL MARKETING and E-COMMERCE. Based in LITHUANIA, serving WORLDWIDE.\" \/>\n<meta name=\"robots\" content=\"index, follow, max-snippet:-1, max-image-preview:large, max-video-preview:-1\" \/>\n<link rel=\"canonical\" href=\"https:\/\/digitalfrks.com\/lt\/apie-mus\/\" \/>\n<meta property=\"og:locale\" content=\"lt_LT\" \/>\n<meta property=\"og:type\" content=\"article\" \/>\n<meta property=\"og:title\" content=\"Apie mus - Digital Freaks\" \/>\n<meta property=\"og:description\" content=\"About Who are we? We are DIGITAL FREAKS - team of EXPERTS who are CRAZY and PASSIONATE about DIGITAL MARKETING and E-COMMERCE. Based in LITHUANIA, serving WORLDWIDE.\" \/>\n<meta property=\"og:url\" content=\"https:\/\/digitalfrks.com\/lt\/apie-mus\/\" \/>\n<meta property=\"og:site_name\" content=\"Digital Freaks\" \/>\n<meta property=\"article:modified_time\" content=\"2023-11-23T13:44:54+00:00\" \/>\n<meta property=\"og:image\" content=\"https:\/\/digitalfrks.com\/wp-content\/uploads\/2021\/05\/about.jpg\" \/>\n<meta name=\"twitter:card\" content=\"summary_large_image\" \/>\n<meta name=\"twitter:label1\" content=\"Est. reading time\" \/>\n\t<meta name=\"twitter:data1\" content=\"1 minut\u0117\" \/>\n<script type=\"application\/ld+json\" class=\"yoast-schema-graph\">{\"@context\":\"https:\\\/\\\/schema.org\",\"@graph\":[{\"@type\":\"WebPage\",\"@id\":\"https:\\\/\\\/digitalfrks.com\\\/lt\\\/apie-mus\\\/\",\"url\":\"https:\\\/\\\/digitalfrks.com\\\/lt\\\/apie-mus\\\/\",\"name\":\"Apie mus - Digital Freaks\",\"isPartOf\":{\"@id\":\"https:\\\/\\\/digitalfrks.com\\\/lt\\\/#website\"},\"primaryImageOfPage\":{\"@id\":\"https:\\\/\\\/digitalfrks.com\\\/lt\\\/apie-mus\\\/#primaryimage\"},\"image\":{\"@id\":\"https:\\\/\\\/digitalfrks.com\\\/lt\\\/apie-mus\\\/#primaryimage\"},\"thumbnailUrl\":\"https:\\\/\\\/digitalfrks.com\\\/wp-content\\\/uploads\\\/2021\\\/05\\\/about.jpg\",\"datePublished\":\"2021-05-12T11:38:10+00:00\",\"dateModified\":\"2023-11-23T13:44:54+00:00\",\"description\":\"About Who are we? We are DIGITAL FREAKS - team of EXPERTS who are CRAZY and PASSIONATE about DIGITAL MARKETING and E-COMMERCE. Based in LITHUANIA, serving WORLDWIDE.\",\"breadcrumb\":{\"@id\":\"https:\\\/\\\/digitalfrks.com\\\/lt\\\/apie-mus\\\/#breadcrumb\"},\"inLanguage\":\"lt-LT\",\"potentialAction\":[{\"@type\":\"ReadAction\",\"target\":[\"https:\\\/\\\/digitalfrks.com\\\/lt\\\/apie-mus\\\/\"]}]},{\"@type\":\"ImageObject\",\"inLanguage\":\"lt-LT\",\"@id\":\"https:\\\/\\\/digitalfrks.com\\\/lt\\\/apie-mus\\\/#primaryimage\",\"url\":\"https:\\\/\\\/digitalfrks.com\\\/wp-content\\\/uploads\\\/2021\\\/05\\\/about.jpg\",\"contentUrl\":\"https:\\\/\\\/digitalfrks.com\\\/wp-content\\\/uploads\\\/2021\\\/05\\\/about.jpg\"},{\"@type\":\"BreadcrumbList\",\"@id\":\"https:\\\/\\\/digitalfrks.com\\\/lt\\\/apie-mus\\\/#breadcrumb\",\"itemListElement\":[{\"@type\":\"ListItem\",\"position\":1,\"name\":\"Home\",\"item\":\"https:\\\/\\\/digitalfrks.com\\\/lt\\\/\"},{\"@type\":\"ListItem\",\"position\":2,\"name\":\"Apie mus\"}]},{\"@type\":\"WebSite\",\"@id\":\"https:\\\/\\\/digitalfrks.com\\\/lt\\\/#website\",\"url\":\"https:\\\/\\\/digitalfrks.com\\\/lt\\\/\",\"name\":\"Digital Freaks\",\"description\":\"Sell on Amazon. Let customers find and adore your products.\",\"publisher\":{\"@id\":\"https:\\\/\\\/digitalfrks.com\\\/lt\\\/#organization\"},\"potentialAction\":[{\"@type\":\"SearchAction\",\"target\":{\"@type\":\"EntryPoint\",\"urlTemplate\":\"https:\\\/\\\/digitalfrks.com\\\/lt\\\/?s={search_term_string}\"},\"query-input\":{\"@type\":\"PropertyValueSpecification\",\"valueRequired\":true,\"valueName\":\"search_term_string\"}}],\"inLanguage\":\"lt-LT\"},{\"@type\":\"Organization\",\"@id\":\"https:\\\/\\\/digitalfrks.com\\\/lt\\\/#organization\",\"name\":\"Digital Freaks\",\"url\":\"https:\\\/\\\/digitalfrks.com\\\/lt\\\/\",\"logo\":{\"@type\":\"ImageObject\",\"inLanguage\":\"lt-LT\",\"@id\":\"https:\\\/\\\/digitalfrks.com\\\/lt\\\/#\\\/schema\\\/logo\\\/image\\\/\",\"url\":\"https:\\\/\\\/digitalfrks.com\\\/wp-content\\\/uploads\\\/2021\\\/09\\\/cropped-image.png\",\"contentUrl\":\"https:\\\/\\\/digitalfrks.com\\\/wp-content\\\/uploads\\\/2021\\\/09\\\/cropped-image.png\",\"width\":512,\"height\":512,\"caption\":\"Digital Freaks\"},\"image\":{\"@id\":\"https:\\\/\\\/digitalfrks.com\\\/lt\\\/#\\\/schema\\\/logo\\\/image\\\/\"}}]}<\/script>\n<!-- \/ Yoast SEO plugin. -->","yoast_head_json":{"title":"Apie mus - Digital Freaks","description":"About Who are we? We are DIGITAL FREAKS - team of EXPERTS who are CRAZY and PASSIONATE about DIGITAL MARKETING and E-COMMERCE. Based in LITHUANIA, serving WORLDWIDE.","robots":{"index":"index","follow":"follow","max-snippet":"max-snippet:-1","max-image-preview":"max-image-preview:large","max-video-preview":"max-video-preview:-1"},"canonical":"https:\/\/digitalfrks.com\/lt\/apie-mus\/","og_locale":"lt_LT","og_type":"article","og_title":"Apie mus - Digital Freaks","og_description":"About Who are we? We are DIGITAL FREAKS - team of EXPERTS who are CRAZY and PASSIONATE about DIGITAL MARKETING and E-COMMERCE. Based in LITHUANIA, serving WORLDWIDE.","og_url":"https:\/\/digitalfrks.com\/lt\/apie-mus\/","og_site_name":"Digital Freaks","article_modified_time":"2023-11-23T13:44:54+00:00","og_image":[{"url":"https:\/\/digitalfrks.com\/wp-content\/uploads\/2021\/05\/about.jpg","type":"","width":"","height":""}],"twitter_card":"summary_large_image","twitter_misc":{"Est. reading time":"1 minut\u0117"},"schema":{"@context":"https:\/\/schema.org","@graph":[{"@type":"WebPage","@id":"https:\/\/digitalfrks.com\/lt\/apie-mus\/","url":"https:\/\/digitalfrks.com\/lt\/apie-mus\/","name":"Apie mus - Digital Freaks","isPartOf":{"@id":"https:\/\/digitalfrks.com\/lt\/#website"},"primaryImageOfPage":{"@id":"https:\/\/digitalfrks.com\/lt\/apie-mus\/#primaryimage"},"image":{"@id":"https:\/\/digitalfrks.com\/lt\/apie-mus\/#primaryimage"},"thumbnailUrl":"https:\/\/digitalfrks.com\/wp-content\/uploads\/2021\/05\/about.jpg","datePublished":"2021-05-12T11:38:10+00:00","dateModified":"2023-11-23T13:44:54+00:00","description":"About Who are we? We are DIGITAL FREAKS - team of EXPERTS who are CRAZY and PASSIONATE about DIGITAL MARKETING and E-COMMERCE. Based in LITHUANIA, serving WORLDWIDE.","breadcrumb":{"@id":"https:\/\/digitalfrks.com\/lt\/apie-mus\/#breadcrumb"},"inLanguage":"lt-LT","potentialAction":[{"@type":"ReadAction","target":["https:\/\/digitalfrks.com\/lt\/apie-mus\/"]}]},{"@type":"ImageObject","inLanguage":"lt-LT","@id":"https:\/\/digitalfrks.com\/lt\/apie-mus\/#primaryimage","url":"https:\/\/digitalfrks.com\/wp-content\/uploads\/2021\/05\/about.jpg","contentUrl":"https:\/\/digitalfrks.com\/wp-content\/uploads\/2021\/05\/about.jpg"},{"@type":"BreadcrumbList","@id":"https:\/\/digitalfrks.com\/lt\/apie-mus\/#breadcrumb","itemListElement":[{"@type":"ListItem","position":1,"name":"Home","item":"https:\/\/digitalfrks.com\/lt\/"},{"@type":"ListItem","position":2,"name":"Apie mus"}]},{"@type":"WebSite","@id":"https:\/\/digitalfrks.com\/lt\/#website","url":"https:\/\/digitalfrks.com\/lt\/","name":"Digital Freaks","description":"Sell on Amazon. Let customers find and adore your products.","publisher":{"@id":"https:\/\/digitalfrks.com\/lt\/#organization"},"potentialAction":[{"@type":"SearchAction","target":{"@type":"EntryPoint","urlTemplate":"https:\/\/digitalfrks.com\/lt\/?s={search_term_string}"},"query-input":{"@type":"PropertyValueSpecification","valueRequired":true,"valueName":"search_term_string"}}],"inLanguage":"lt-LT"},{"@type":"Organization","@id":"https:\/\/digitalfrks.com\/lt\/#organization","name":"Digital Freaks","url":"https:\/\/digitalfrks.com\/lt\/","logo":{"@type":"ImageObject","inLanguage":"lt-LT","@id":"https:\/\/digitalfrks.com\/lt\/#\/schema\/logo\/image\/","url":"https:\/\/digitalfrks.com\/wp-content\/uploads\/2021\/09\/cropped-image.png","contentUrl":"https:\/\/digitalfrks.com\/wp-content\/uploads\/2021\/09\/cropped-image.png","width":512,"height":512,"caption":"Digital Freaks"},"image":{"@id":"https:\/\/digitalfrks.com\/lt\/#\/schema\/logo\/image\/"}}]}},"_links":{"self":[{"href":"https:\/\/digitalfrks.com\/lt\/wp-json\/wp\/v2\/pages\/835","targetHints":{"allow":["GET"]}}],"collection":[{"href":"https:\/\/digitalfrks.com\/lt\/wp-json\/wp\/v2\/pages"}],"about":[{"href":"https:\/\/digitalfrks.com\/lt\/wp-json\/wp\/v2\/types\/page"}],"author":[{"embeddable":true,"href":"https:\/\/digitalfrks.com\/lt\/wp-json\/wp\/v2\/users\/1"}],"replies":[{"embeddable":true,"href":"https:\/\/digitalfrks.com\/lt\/wp-json\/wp\/v2\/comments?post=835"}],"version-history":[{"count":3,"href":"https:\/\/digitalfrks.com\/lt\/wp-json\/wp\/v2\/pages\/835\/revisions"}],"predecessor-version":[{"id":1176,"href":"https:\/\/digitalfrks.com\/lt\/wp-json\/wp\/v2\/pages\/835\/revisions\/1176"}],"wp:attachment":[{"href":"https:\/\/digitalfrks.com\/lt\/wp-json\/wp\/v2\/media?parent=835"}],"curies":[{"name":"wp","href":"https:\/\/api.w.org\/{rel}","templated":true}]}}